{"id":49,"date":"2016-03-10T22:08:05","date_gmt":"2016-03-10T22:08:05","guid":{"rendered":"http:\/\/themewisdom.com\/demo\/wpm\/maxigen\/?page_id=49"},"modified":"2020-05-18T18:42:15","modified_gmt":"2020-05-18T17:42:15","slug":"contact-us","status":"publish","type":"page","link":"https:\/\/haicuhaiducii.ro\/index.php\/contact-us\/","title":{"rendered":"Contacteaz\u0103-ne"},"content":{"rendered":"<p>[vc_row][vc_column]\r\n\t<div class=\"contact-us container-fluid no-padding\">\r\n\t\t<div class=\"section-padding\"><\/div>\r\n\t\t<div class=\"container\">\r\n\t\t\t<div class=\"section-header\">\r\n\t\t\t\t<h3>\u021ainem leg\u0103tura<\/h3>\t\t\t<\/div>\r\n\t\t\t<div class=\"col-md-6 col-sm-6\">\r\n\t\t\t\t<div class=\"contect-box\">\r\n\t\t\t\t\t\t\t\t\t\t<p>Face\u021bi toate visele s\u0103 devin\u0103 realitate. Hai cu noi, te a\u0219tept\u0103m! Dragostea este cea mai dulce recompens\u0103 a vie\u021bii. L\u0103sa\u021bi-o s\u0103 curg\u0103 \u0219i s\u0103 vin\u0103 ca o experien\u021b\u0103 pl\u0103cut\u0103.<\/p>\n\t\t\t\t<\/div>\r\n\t\t\t\t<div class=\"contact-info\">\r\n\t\t\t\t\t<div class=\"row\">\r\n\t\t\t\t\t\t<div class=\"col-md-6 col-sm-6 col-xs-6 contact-info-content\">\r\n\t\t\t\t\t\t\t<h3>Address<\/h3>\r\n\t\t\t\t\t\t\t<p>\u0218os. Bucium nr. 15, Ia\u0219i<\/p>\t\t\t\t\t\t<\/div>\r\n\t\t\t\t\t\t<div class=\"col-md-6 col-sm-6 col-xs-6 contact-info-content\">\r\n\t\t\t\t\t\t\t<h3>Business<\/h3>\r\n\t\t\t\t\t\t\t<p>Monday-Friday: 9 AM - 9 PM<\/p>\r\n\t\t\t\t\t\t\t<p>Saturday: 9 AM - 5 PM<\/p>\r\n\t\t\t\t\t\t\t<p>Sunday: Closed<\/p>\r\n\t\t\t\t\t\t<\/div>\r\n\t\t\t\t\t\t<div class=\"col-md-6 col-sm-6 col-xs-6 contact-info-content\">\r\n\t\t\t\t\t\t\t<h3>Email Address<\/h3>\r\n\t\t\t\t\t\t\t<p><a href=\"mailto:info@haicuhaiducii.ro\">info@haicuhaiducii.ro<\/a><\/p>\r\n\t\t\t\t\t\t\t<p><a href=\"mailto:\"><\/a><\/p>\r\n\t\t\t\t\t\t<\/div>\r\n\t\t\t\t\t\t<div class=\"col-md-6 col-sm-6 col-xs-6 contact-info-content\">\r\n\t\t\t\t\t\t\t<h3>Phone Number<\/h3>\r\n\t\t\t\t\t\t\t<p>0768450502<\/p>\t\t\t\t\t\t\t<p>0747163479<\/p>\t\t\t\t\t\t<\/div>\r\n\t\t\t\t\t<\/div>\r\n\t\t\t\t<\/div>\r\n\t\t\t<\/div>\r\n\t\t\t<div class=\"col-md-6 col-sm-6\">\r\n\t\t\t\t<div class=\"conact-form-inner\">\r\n\t\t\t\t\t[contact-form-7 id=&#8221;6&#8243; title=&#8221;Contact Page&#8221;]\t\t\t\t<\/div>\r\n\t\t\t<\/div>\r\n\t\t<\/div><!-- Container \/- -->\r\n\t<\/div><!-- Contact Us \/- -->\r\n\t[\/vc_column][\/vc_row]<\/p>\n","protected":false},"excerpt":{"rendered":"<p>[vc_row][vc_column][\/vc_column][\/vc_row]<\/p>\n","protected":false},"author":1,"featured_media":0,"parent":0,"menu_order":0,"comment_status":"closed","ping_status":"closed","template":"","meta":{"ngg_post_thumbnail":0,"footnotes":""},"_links":{"self":[{"href":"https:\/\/haicuhaiducii.ro\/index.php\/wp-json\/wp\/v2\/pages\/49"}],"collection":[{"href":"https:\/\/haicuhaiducii.ro\/index.php\/wp-json\/wp\/v2\/pages"}],"about":[{"href":"https:\/\/haicuhaiducii.ro\/index.php\/wp-json\/wp\/v2\/types\/page"}],"author":[{"embeddable":true,"href":"https:\/\/haicuhaiducii.ro\/index.php\/wp-json\/wp\/v2\/users\/1"}],"replies":[{"embeddable":true,"href":"https:\/\/haicuhaiducii.ro\/index.php\/wp-json\/wp\/v2\/comments?post=49"}],"version-history":[{"count":13,"href":"https:\/\/haicuhaiducii.ro\/index.php\/wp-json\/wp\/v2\/pages\/49\/revisions"}],"predecessor-version":[{"id":348,"href":"https:\/\/haicuhaiducii.ro\/index.php\/wp-json\/wp\/v2\/pages\/49\/revisions\/348"}],"wp:attachment":[{"href":"https:\/\/haicuhaiducii.ro\/index.php\/wp-json\/wp\/v2\/media?parent=49"}],"curies":[{"name":"wp","href":"https:\/\/api.w.org\/{rel}","templated":true}]}}