{"id":271,"date":"2020-05-10T12:09:13","date_gmt":"2020-05-10T11:09:13","guid":{"rendered":"http:\/\/haicuhaiducii.ro\/?page_id=271"},"modified":"2020-05-10T12:09:14","modified_gmt":"2020-05-10T11:09:14","slug":"team-building","status":"publish","type":"page","link":"https:\/\/haicuhaiducii.ro\/index.php\/team-building\/","title":{"rendered":"TEAM BUILDING"},"content":{"rendered":"\n<p>\u201cUnde-s mul\u021bi\nputerea cre\u0219te\u201d &#8211;&nbsp; e mai valabil\nca oric\u00e2nd. Readucem \u00een prim plan importan\u021ba spiritului de echip\u0103, dar nu uit\u0103m\nnici de z\u00e2mbetul juc\u0103u\u0219 al dorului de competi\u021bie.<\/p>\n\n\n\n<p>Organiz\u0103m evenimente de tip team\nbuilding pentru a destinde \u0219i a da un suflu proasp\u0103t dinamicii din\ncadrul oric\u0103rei echipe. Ne adapt\u0103m cerin\u021belor dumneavoastr\u0103 \u0219i\nalung\u0103m stressul \u0219i monotonia prin diferite activit\u0103\u021bi\noutdoor, aventuri \u0219i programe competitive.<\/p>\n","protected":false},"excerpt":{"rendered":"<p>\u201cUnde-s mul\u021bi puterea cre\u0219te\u201d &#8211;&nbsp; e mai valabil ca oric\u00e2nd. Readucem \u00een prim plan importan\u021ba spiritului de echip\u0103, dar nu uit\u0103m nici de z\u00e2mbetul juc\u0103u\u0219 al dorului de competi\u021bie. Organiz\u0103m evenimente de tip team building pentru a destinde \u0219i a da un suflu proasp\u0103t dinamicii din cadrul oric\u0103rei echipe. Ne adapt\u0103m cerin\u021belor dumneavoastr\u0103 \u0219i alung\u0103m [&hellip;]<\/p>\n","protected":false},"author":1,"featured_media":0,"parent":0,"menu_order":0,"comment_status":"closed","ping_status":"closed","template":"","meta":{"ngg_post_thumbnail":0,"footnotes":""},"_links":{"self":[{"href":"https:\/\/haicuhaiducii.ro\/index.php\/wp-json\/wp\/v2\/pages\/271"}],"collection":[{"href":"https:\/\/haicuhaiducii.ro\/index.php\/wp-json\/wp\/v2\/pages"}],"about":[{"href":"https:\/\/haicuhaiducii.ro\/index.php\/wp-json\/wp\/v2\/types\/page"}],"author":[{"embeddable":true,"href":"https:\/\/haicuhaiducii.ro\/index.php\/wp-json\/wp\/v2\/users\/1"}],"replies":[{"embeddable":true,"href":"https:\/\/haicuhaiducii.ro\/index.php\/wp-json\/wp\/v2\/comments?post=271"}],"version-history":[{"count":1,"href":"https:\/\/haicuhaiducii.ro\/index.php\/wp-json\/wp\/v2\/pages\/271\/revisions"}],"predecessor-version":[{"id":272,"href":"https:\/\/haicuhaiducii.ro\/index.php\/wp-json\/wp\/v2\/pages\/271\/revisions\/272"}],"wp:attachment":[{"href":"https:\/\/haicuhaiducii.ro\/index.php\/wp-json\/wp\/v2\/media?parent=271"}],"curies":[{"name":"wp","href":"https:\/\/api.w.org\/{rel}","templated":true}]}}