{"id":265,"date":"2020-05-10T11:57:32","date_gmt":"2020-05-10T10:57:32","guid":{"rendered":"http:\/\/haicuhaiducii.ro\/?page_id=265"},"modified":"2020-05-10T12:03:22","modified_gmt":"2020-05-10T11:03:22","slug":"excursii","status":"publish","type":"page","link":"https:\/\/haicuhaiducii.ro\/index.php\/excursii\/","title":{"rendered":"EXCURSII CU COPII"},"content":{"rendered":"\n<p>Pentru haiducii cei\nmici v\u0103 propunem o serie de activit\u0103\u021bi educative \u0219i\nrecrea\u021bionale prin intermediul c\u0103rora s\u0103-\u0219i\nvalorifice din plin surplusul de energie.<\/p>\n\n\n\n<p>Al\u0103turi de o echip\u0103\nprofesionist\u0103, vor avea ocazia de a \u00eenv\u0103\u021ba \u0219i de a-\u0219i exersa\naptitudinile de \u201chaiducei\u201d.<\/p>\n\n\n\n<p>Nelipsite vor fi drume\u021biile pe poteci s\u0103lbatice; r\u00e2urile ne vor purta pe bra\u021bele lor \u00eenspumate, iar clipocitul apei ne va ghida. Foc de tab\u0103r\u0103, pove\u0219ti \u0219i c\u00e2ntece. Iar noaptea o vom a\u0219tepta \u00een corturi, \u00eentr-o experien\u021b\u0103 autentic\u0103.<\/p>\n\n\n\n<p>Haide\u021bi\ns\u0103 le oferim copiilor \u0219ansa nu doar de a asculta pove\u0219ti,\ndar \u0219i de a face parte din ele.<\/p>\n","protected":false},"excerpt":{"rendered":"<p>Pentru haiducii cei mici v\u0103 propunem o serie de activit\u0103\u021bi educative \u0219i recrea\u021bionale prin intermediul c\u0103rora s\u0103-\u0219i valorifice din plin surplusul de energie. Al\u0103turi de o echip\u0103 profesionist\u0103, vor avea ocazia de a \u00eenv\u0103\u021ba \u0219i de a-\u0219i exersa aptitudinile de \u201chaiducei\u201d. Nelipsite vor fi drume\u021biile pe poteci s\u0103lbatice; r\u00e2urile ne vor purta pe bra\u021bele lor [&hellip;]<\/p>\n","protected":false},"author":1,"featured_media":0,"parent":0,"menu_order":0,"comment_status":"closed","ping_status":"closed","template":"","meta":{"ngg_post_thumbnail":0,"footnotes":""},"_links":{"self":[{"href":"https:\/\/haicuhaiducii.ro\/index.php\/wp-json\/wp\/v2\/pages\/265"}],"collection":[{"href":"https:\/\/haicuhaiducii.ro\/index.php\/wp-json\/wp\/v2\/pages"}],"about":[{"href":"https:\/\/haicuhaiducii.ro\/index.php\/wp-json\/wp\/v2\/types\/page"}],"author":[{"embeddable":true,"href":"https:\/\/haicuhaiducii.ro\/index.php\/wp-json\/wp\/v2\/users\/1"}],"replies":[{"embeddable":true,"href":"https:\/\/haicuhaiducii.ro\/index.php\/wp-json\/wp\/v2\/comments?post=265"}],"version-history":[{"count":1,"href":"https:\/\/haicuhaiducii.ro\/index.php\/wp-json\/wp\/v2\/pages\/265\/revisions"}],"predecessor-version":[{"id":266,"href":"https:\/\/haicuhaiducii.ro\/index.php\/wp-json\/wp\/v2\/pages\/265\/revisions\/266"}],"wp:attachment":[{"href":"https:\/\/haicuhaiducii.ro\/index.php\/wp-json\/wp\/v2\/media?parent=265"}],"curies":[{"name":"wp","href":"https:\/\/api.w.org\/{rel}","templated":true}]}}