{"id":173,"date":"2016-03-10T21:31:09","date_gmt":"2016-03-10T21:31:09","guid":{"rendered":"http:\/\/themewisdom.com\/demo\/wpm\/maxigen\/?page_id=7"},"modified":"2020-06-26T16:08:21","modified_gmt":"2020-06-26T15:08:21","slug":"about-page","status":"publish","type":"page","link":"https:\/\/haicuhaiducii.ro\/index.php\/about-page\/","title":{"rendered":"Despre noi"},"content":{"rendered":"<p>[vc_row][vc_column parallax=&#8221;content-moving&#8221;]\r\n\t<div id='about-section' class='about-section about-margin container-fluid no-padding ' Style='background-image:url(https:\/\/haicuhaiducii.ro\/wp-content\/uploads\/2016\/03\/about-club-bg.jpg);' >\t\t\r\n\t\t<div class='section-padding'><\/div>\r\n\t\t<div class='container'>\r\n\t\t\t<div class='section-header'>\r\n\t\t\t\t<h3>DESPRE CLUBUL NOSTRU<\/h3>\r\n\t\t\t<\/div>\r\n\t\t\t<div class='row'>\r\n\t\t\t\t\r\n\t\t\t<\/div>\r\n\t\t<\/div>\r\n\t\t<div class='section-padding'><\/div>\r\n\t<\/div>[\/vc_column][\/vc_row][vc_row][vc_column][vc_column_text css=&#8221;.vc_custom_1592283545299{margin-right: 100px !important;margin-left: 100px !important;}&#8221;]<\/p>\n<div class=\"txtdesprenoi\" style=\"color: #777;font-size: 15px;font-family: 'Work Sans', sans-serif;letter-spacing: 0.45px;display: inline-block;line-height: 25px;margin-bottom: 0;\">\n<p>Organiz\u0103m excursii cu copii, experien\u021be de tip team building, vacan\u021be de familie, precum \u0219i multe alte tipuri de evenimente, \u00een func\u021bie de cerin\u021bele dumneavoastr\u0103.<br \/>\n\u00cen \u00eencercarea de a satisface c\u00e2t mai multe gusturi, v\u0103 propunem o serie de activit\u0103\u021bi pentru care pute\u021bi opta, fiind totodat\u0103 deschi\u0219i la idei noi.<\/p>\n<p>ACTIVIT\u0102\u021aI OUTDOOR<\/p>\n<ul>\n<li>Biciclet\u0103<\/li>\n<li>Schi &amp; Snowboard<\/li>\n<li>\u00cenot (polo sau alte jocuri)<\/li>\n<li>Campat la cort<\/li>\n<li>Caiac<\/li>\n<li>Drume\u021bie<\/li>\n<li>Fotografie<\/li>\n<li>Orientare (busol\u0103)<\/li>\n<li>Jocuri sportive (tenis, volei, badminton etc.)<\/li>\n<li>Tir cu arcul<\/li>\n<li>Diverse jocuri de echip\u0103<\/li>\n<\/ul>\n<p>&nbsp;<\/p>\n<p>ACTIVIT\u0102\u021aI INDOOR<\/p>\n<ul>\n<li>Karaoke<\/li>\n<li>Jocuri de societate<\/li>\n<li>Concurs de dans<\/li>\n<li>Pictur\u0103<\/li>\n<li>Lec\u021bii de prim ajutor<\/li>\n<\/ul>\n<p>&nbsp;<\/p>\n<p>Pe l\u00e2ng\u0103 acestea, putem efectua activit\u0103\u021bi specifice zonei de destina\u021bie, precum vizitarea anumitor obiective turistice (muzee, case memoriale etc.).<\/p>\n<p>Ne adres\u0103m at\u00e2t celor familiariza\u021bi cu drume\u021biile \u0219i activit\u0103\u021bile \u00een aer liber, c\u00e2t \u0219i celor mai pu\u021bin ini\u021bia\u021bi, de toate v\u00e2rstele, cu promisiunea de a avea al\u0103turi, la fiecare pas, o echip\u0103 cu un nivel \u00eenalt de preg\u0103tire \u0219i profesionalism, dispus\u0103 s\u0103 v\u0103 \u00eenve\u021be \u0219i s\u0103 v\u0103 stimuleze pentru a v\u0103 descoperi noi pasiuni.<\/p>\n<\/div>\n<p>[\/vc_column_text]\r\n\t\t<div class='testimonial container-fluid no-padding '>\r\n\t\t\t<div class='section-padding'><\/div>\r\n\t\t\t<div class='container'>\r\n\t\t\t\t<div class='section-header'>\r\n\t\t\t\t\t<h3>Echipa noastr\u0103<\/h3>\r\n\t\t\t\t<\/div>\r\n\t\t\t\t<div id='main-carousel-1' class='carousel slide' data-ride='carousel'>\r\n\t\t\t\t\t <ol class='carousel-indicators'><li data-target='#main-carousel-1' data-slide-to='0' class='active' ><\/li><li data-target='#main-carousel-1' data-slide-to='1'  ><\/li><li data-target='#main-carousel-1' data-slide-to='2'  ><\/li><li data-target='#main-carousel-1' data-slide-to='3'  ><\/li><li data-target='#main-carousel-1' data-slide-to='4'  ><\/li>\r\n\t\t\t\t\t\t\r\n\t\t\t\t\t<\/ol>\r\n\t\t\t\t\t<div class='carousel-inner' role='listbox'>\r\n\t\t\t\t\t\t\r\n\t\t<div class='item item-content '>\r\n\t\t\t<span><img width=\"96\" height=\"96\" src=\"https:\/\/haicuhaiducii.ro\/wp-content\/uploads\/2020\/05\/diana-96x96.jpg\" class=\"attachment-maxigen-96-96 size-maxigen-96-96\" alt=\"\" decoding=\"async\" loading=\"lazy\" srcset=\"https:\/\/haicuhaiducii.ro\/wp-content\/uploads\/2020\/05\/diana-96x96.jpg 96w, https:\/\/haicuhaiducii.ro\/wp-content\/uploads\/2020\/05\/diana-150x150.jpg 150w, https:\/\/haicuhaiducii.ro\/wp-content\/uploads\/2020\/05\/diana-59x59.jpg 59w\" sizes=\"(max-width: 96px) 100vw, 96px\" \/><\/span>\r\n\t\t\t<p>Medic specialist neurolog. Pasionata de activitati in natura.<\/p>\r\n\t\t<\/div>\r\n\t\t<div class='item item-content '>\r\n\t\t\t<span><img width=\"96\" height=\"96\" src=\"https:\/\/haicuhaiducii.ro\/wp-content\/uploads\/2020\/05\/mihai-96x96.jpg\" class=\"attachment-maxigen-96-96 size-maxigen-96-96\" alt=\"\" decoding=\"async\" loading=\"lazy\" srcset=\"https:\/\/haicuhaiducii.ro\/wp-content\/uploads\/2020\/05\/mihai-96x96.jpg 96w, https:\/\/haicuhaiducii.ro\/wp-content\/uploads\/2020\/05\/mihai-150x150.jpg 150w, https:\/\/haicuhaiducii.ro\/wp-content\/uploads\/2020\/05\/mihai-59x59.jpg 59w\" sizes=\"(max-width: 96px) 100vw, 96px\" \/><\/span>\r\n\t\t\t<p>Organizator evenimente, maestru in artele culinare.<\/p>\r\n\t\t<\/div>\r\n\t\t<div class='item item-content '>\r\n\t\t\t<span><img width=\"96\" height=\"96\" src=\"https:\/\/haicuhaiducii.ro\/wp-content\/uploads\/2020\/05\/constantin-96x96.jpg\" class=\"attachment-maxigen-96-96 size-maxigen-96-96\" alt=\"\" decoding=\"async\" loading=\"lazy\" srcset=\"https:\/\/haicuhaiducii.ro\/wp-content\/uploads\/2020\/05\/constantin-96x96.jpg 96w, https:\/\/haicuhaiducii.ro\/wp-content\/uploads\/2020\/05\/constantin-150x150.jpg 150w, https:\/\/haicuhaiducii.ro\/wp-content\/uploads\/2020\/05\/constantin-59x59.jpg 59w\" sizes=\"(max-width: 96px) 100vw, 96px\" \/><\/span>\r\n\t\t\t<p>Facultatea de educat\u0326ie fizica s\u0326i sport, master activita\u0306t\u0326i sportive de timp liber si sporturi extreme.<br \/>\nAntrenor de \u00eenot \u00een mai multe locatii din Ia\u0219i.<br \/>\nProfesor de Educa\u021bie Fizic\u0103 \u0219i Sport \u00een \u00eenv\u0103\u021b\u0103m\u00e2ntul primar.<br \/>\nDomenii de activitate: \u00eenot, snowboard, activit\u0103\u021bi outdoor.<br \/>\nExperien\u021b\u0103 de peste 7 ani \u00een activit\u0103\u021bi cu copii.<\/p>\r\n\t\t<\/div>\r\n\t\t<div class='item item-content '>\r\n\t\t\t<span><img width=\"96\" height=\"96\" src=\"https:\/\/haicuhaiducii.ro\/wp-content\/uploads\/2020\/05\/tiba-96x96.jpg\" class=\"attachment-maxigen-96-96 size-maxigen-96-96\" alt=\"\" decoding=\"async\" loading=\"lazy\" srcset=\"https:\/\/haicuhaiducii.ro\/wp-content\/uploads\/2020\/05\/tiba-96x96.jpg 96w, https:\/\/haicuhaiducii.ro\/wp-content\/uploads\/2020\/05\/tiba-150x150.jpg 150w, https:\/\/haicuhaiducii.ro\/wp-content\/uploads\/2020\/05\/tiba-59x59.jpg 59w\" sizes=\"(max-width: 96px) 100vw, 96px\" \/><\/span>\r\n\t\t\t<p>Profesor de Educa\u021bie Fizic\u0103 \u0219i Sport, instructor de snowboard, caiac, drume\u021bii, \u00eenot si dans. Absolvent al Colegiului Na\u021bional de Art\u0103 ,,Octav B\u0103ncil\u0103 Ia\u0219i,, sec\u021bia Coregrafie, al Facult\u0103\u021bii de Educa\u021bie Fizic\u0103 \u0219i Sport, cu Master in ,,Activit\u0103\u021bi de timp liber \u0219i Sporturi Extreme,, \u00een cadrul Universit\u0103\u021bii ,,Al. I. Cuza Ia\u0219i,,. \u00cen anii ce-au trecut am acumulat o experien\u021b\u0103 de sute de evenimente \u00een natur\u0103 de diferite tipuri, spectacole pe cele mai reprezentative scene ale Rom\u00e2niei \u0219i mii de copii, tineri si adul\u021bi care au primit cunostin\u021be \u0219i tehnici din cele \u00eenva\u021bate de mine in anii de studiu.<\/p>\r\n\t\t<\/div>\r\n\t\t<div class='item item-content '>\r\n\t\t\t<span><img width=\"96\" height=\"96\" src=\"https:\/\/haicuhaiducii.ro\/wp-content\/uploads\/2020\/05\/96772542_237124860880968_8594954171818442752_n-96x96.jpg\" class=\"attachment-maxigen-96-96 size-maxigen-96-96\" alt=\"\" decoding=\"async\" loading=\"lazy\" srcset=\"https:\/\/haicuhaiducii.ro\/wp-content\/uploads\/2020\/05\/96772542_237124860880968_8594954171818442752_n-96x96.jpg 96w, https:\/\/haicuhaiducii.ro\/wp-content\/uploads\/2020\/05\/96772542_237124860880968_8594954171818442752_n-150x150.jpg 150w, https:\/\/haicuhaiducii.ro\/wp-content\/uploads\/2020\/05\/96772542_237124860880968_8594954171818442752_n-59x59.jpg 59w\" sizes=\"(max-width: 96px) 100vw, 96px\" \/><\/span>\r\n\t\t\t<p>Facultatea de educat\u0326ie fizica s\u0326i sport, master activita\u0306t\u0326i sportive de timp liber si sporturi extreme, instructor schi, instructor i\u0302not, militar cu specialitate i\u0302n cercetare, diploma obtinuta la Centrul De Instruire pentru Operat\u0326ii Speciale Buza\u0306u. Experienta i\u0302n entertaiment cu contracte i\u0302n Cipru, Grecia, Coreea de Sud.<\/p>\r\n\t\t<\/div>\r\n\t\t\t\t\t<\/div>\r\n\t\t\t\t<\/div>\r\n\t\t\t<\/div>\r\n\t\t\t<div class='section-padding'><\/div>\r\n\t\t<\/div>[\/vc_column][\/vc_row]<\/p>\n","protected":false},"excerpt":{"rendered":"<p>[vc_row][vc_column parallax=&#8221;content-moving&#8221;][\/vc_column][\/vc_row][vc_row][vc_column][vc_column_text css=&#8221;.vc_custom_1592283545299{margin-right: 100px !important;margin-left: 100px !important;}&#8221;] Organiz\u0103m excursii cu copii, experien\u021be de tip team building, vacan\u021be de familie, precum \u0219i multe alte tipuri de evenimente, \u00een func\u021bie de cerin\u021bele dumneavoastr\u0103. \u00cen \u00eencercarea de a satisface c\u00e2t mai multe gusturi, v\u0103 propunem o serie de activit\u0103\u021bi pentru care pute\u021bi opta, fiind totodat\u0103 deschi\u0219i la idei [&hellip;]<\/p>\n","protected":false},"author":1,"featured_media":0,"parent":0,"menu_order":0,"comment_status":"closed","ping_status":"closed","template":"","meta":{"ngg_post_thumbnail":0,"footnotes":""},"_links":{"self":[{"href":"https:\/\/haicuhaiducii.ro\/index.php\/wp-json\/wp\/v2\/pages\/173"}],"collection":[{"href":"https:\/\/haicuhaiducii.ro\/index.php\/wp-json\/wp\/v2\/pages"}],"about":[{"href":"https:\/\/haicuhaiducii.ro\/index.php\/wp-json\/wp\/v2\/types\/page"}],"author":[{"embeddable":true,"href":"https:\/\/haicuhaiducii.ro\/index.php\/wp-json\/wp\/v2\/users\/1"}],"replies":[{"embeddable":true,"href":"https:\/\/haicuhaiducii.ro\/index.php\/wp-json\/wp\/v2\/comments?post=173"}],"version-history":[{"count":22,"href":"https:\/\/haicuhaiducii.ro\/index.php\/wp-json\/wp\/v2\/pages\/173\/revisions"}],"predecessor-version":[{"id":461,"href":"https:\/\/haicuhaiducii.ro\/index.php\/wp-json\/wp\/v2\/pages\/173\/revisions\/461"}],"wp:attachment":[{"href":"https:\/\/haicuhaiducii.ro\/index.php\/wp-json\/wp\/v2\/media?parent=173"}],"curies":[{"name":"wp","href":"https:\/\/api.w.org\/{rel}","templated":true}]}}